{"id":276,"date":"2020-10-21T16:43:47","date_gmt":"2020-10-21T16:43:47","guid":{"rendered":"https:\/\/www.colegiocajamag.edu.co\/?page_id=276"},"modified":"2021-03-18T18:22:43","modified_gmt":"2021-03-18T18:22:43","slug":"primaria","status":"publish","type":"page","link":"https:\/\/www.colegiocajamag.edu.co\/?page_id=276","title":{"rendered":"Primaria"},"content":{"rendered":"\t\t<div data-elementor-type=\"wp-page\" data-elementor-id=\"276\" class=\"elementor elementor-276\">\n\t\t\t\t\t\t<div class=\"elementor-inner\">\n\t\t\t\t<div class=\"elementor-section-wrap\">\n\t\t\t\t\t\t\t\t\t<section class=\"elementor-section elementor-top-section elementor-element elementor-element-fe72d72 elementor-section-height-min-height elementor-section-items-bottom elementor-section-boxed elementor-section-height-default\" data-id=\"fe72d72\" data-element_type=\"section\" data-settings=\"{&quot;background_background&quot;:&quot;classic&quot;}\">\n\t\t\t\t\t\t<div class=\"elementor-container elementor-column-gap-default\">\n\t\t\t\t\t\t\t<div class=\"elementor-row\">\n\t\t\t\t\t<div class=\"elementor-column elementor-col-100 elementor-top-column elementor-element elementor-element-81a126f\" data-id=\"81a126f\" data-element_type=\"column\">\n\t\t\t<div class=\"elementor-column-wrap elementor-element-populated\">\n\t\t\t\t\t\t\t<div class=\"elementor-widget-wrap\">\n\t\t\t\t\t\t<div class=\"elementor-element elementor-element-b429579 elementor-widget elementor-widget-heading\" data-id=\"b429579\" data-element_type=\"widget\" data-widget_type=\"heading.default\">\n\t\t\t\t<div class=\"elementor-widget-container\">\n\t\t\t<h2 class=\"elementor-heading-title elementor-size-default\">Primaria<\/h2>\t\t<\/div>\n\t\t\t\t<\/div>\n\t\t\t\t\t\t<\/div>\n\t\t\t\t\t<\/div>\n\t\t<\/div>\n\t\t\t\t\t\t\t\t<\/div>\n\t\t\t\t\t<\/div>\n\t\t<\/section>\n\t\t\t\t<section class=\"elementor-section elementor-top-section elementor-element elementor-element-8a60cb7 elementor-section-boxed elementor-section-height-default elementor-section-height-default\" data-id=\"8a60cb7\" data-element_type=\"section\">\n\t\t\t\t\t\t<div class=\"elementor-container elementor-column-gap-default\">\n\t\t\t\t\t\t\t<div class=\"elementor-row\">\n\t\t\t\t\t<div class=\"elementor-column elementor-col-66 elementor-top-column elementor-element elementor-element-1a0640c\" data-id=\"1a0640c\" data-element_type=\"column\">\n\t\t\t<div class=\"elementor-column-wrap elementor-element-populated\">\n\t\t\t\t\t\t\t<div class=\"elementor-widget-wrap\">\n\t\t\t\t\t\t<div class=\"elementor-element elementor-element-48f7826 elementor-widget elementor-widget-heading\" data-id=\"48f7826\" data-element_type=\"widget\" data-widget_type=\"heading.default\">\n\t\t\t\t<div class=\"elementor-widget-container\">\n\t\t\t<h2 class=\"elementor-heading-title elementor-size-default\">Formamos para la vida<\/h2>\t\t<\/div>\n\t\t\t\t<\/div>\n\t\t\t\t<div class=\"elementor-element elementor-element-c30d75d elementor-widget elementor-widget-text-editor\" data-id=\"c30d75d\" data-element_type=\"widget\" data-widget_type=\"text-editor.default\">\n\t\t\t\t<div class=\"elementor-widget-container\">\n\t\t\t\t\t\t\t\t<div class=\"elementor-text-editor elementor-clearfix\">\n\t\t\t\t<p>El nivel de Educaci\u00f3n B\u00e1sica Primaria del Colegio Cajamag, se caracteriza por su metodolog\u00eda did\u00e1ctica, activa, vivencial, encaminada a desarrollar los aspectos acad\u00e9mico, l\u00fadico, art\u00edstico y axiol\u00f3gico, por medio de un plan de estudio contextualizado.<\/p><p>Los estudiantes de E.B.P del Colegio Cajamag se destacan por ser ni\u00f1os \u00edntegros, con sensibilidad social, promotores de valores humanos, personales y sociales en su n\u00facleo familiar y su interacci\u00f3n con los miembros de la comunidad educativa, capaces de demostrar una actitud reflexiva y cr\u00edtica frente al conocimiento y al contexto social al que pertenecen, valoran la naturaleza como fuente del saber cient\u00edfico y manifiestan actitudes de conservaci\u00f3n hacia el medio ambiente y participan en las actividades de tipo cultural, cient\u00edfico, recreativo que le permiten ser proactivos en la sociedad.<\/p><p>El nivel de E.B.P del Colegio Cajamag se ha destacado por participar en eventos deportivos, art\u00edsticos, culturales, acad\u00e9micos etc., como festivales de danza, tamboras, teatro, canci\u00f3n, mostrando las habilidades de los ni\u00f1os entre 6 y 11 a\u00f1os de este nivel educativo y obteniendo algunos galardones. De igual manera, se realizan izadas de bandera, celebraciones especiales, salidas pedag\u00f3gicas, clases de danza, m\u00fasica, art\u00edstica, desarrollo de laboratorios, gu\u00edas did\u00e1cticas, entre otros.\u00a0 Asimismo, contamos con una biblioteca infantil, promotores de lectura, docentes profesionales altamente calificados, una planta f\u00edsica de acuerdo a las exigencias legales y necesidades de la comunidad educativa.<\/p>\t\t\t\t\t<\/div>\n\t\t\t\t\t\t<\/div>\n\t\t\t\t<\/div>\n\t\t\t\t<div class=\"elementor-element elementor-element-48e0470 elementor-align-justify elementor-widget elementor-widget-button\" data-id=\"48e0470\" data-element_type=\"widget\" data-widget_type=\"button.default\">\n\t\t\t\t<div class=\"elementor-widget-container\">\n\t\t\t\t\t<div class=\"elementor-button-wrapper\">\n\t\t\t<a href=\"https:\/\/suministros.cajamag.com.co\/SYS\/Colegio\/colegio73\/index\" target=\"_blank\" class=\"elementor-button-link elementor-button elementor-size-md\" role=\"button\">\n\t\t\t\t\t\t<span class=\"elementor-button-content-wrapper\">\n\t\t\t\t\t\t<span class=\"elementor-button-text\">INSCR\u00cdBETE AQU\u00cd Y S\u00c9 PARTE DE NUESTRA FAMILIA<\/span>\n\t\t<\/span>\n\t\t\t\t\t<\/a>\n\t\t<\/div>\n\t\t\t\t<\/div>\n\t\t\t\t<\/div>\n\t\t\t\t<section class=\"elementor-section elementor-inner-section elementor-element elementor-element-29a65f4 elementor-section-boxed elementor-section-height-default elementor-section-height-default\" data-id=\"29a65f4\" data-element_type=\"section\">\n\t\t\t\t\t\t<div class=\"elementor-container elementor-column-gap-default\">\n\t\t\t\t\t\t\t<div class=\"elementor-row\">\n\t\t\t\t\t<div class=\"elementor-column elementor-col-33 elementor-inner-column elementor-element elementor-element-e9e48a0\" data-id=\"e9e48a0\" data-element_type=\"column\">\n\t\t\t<div class=\"elementor-column-wrap elementor-element-populated\">\n\t\t\t\t\t\t\t<div class=\"elementor-widget-wrap\">\n\t\t\t\t\t\t<div class=\"elementor-element elementor-element-913d8aa elementor-widget elementor-widget-image\" data-id=\"913d8aa\" data-element_type=\"widget\" data-widget_type=\"image.default\">\n\t\t\t\t<div class=\"elementor-widget-container\">\n\t\t\t\t\t\t\t\t<div class=\"elementor-image\">\n\t\t\t\t\t\t\t\t\t\t\t\t<img decoding=\"async\" width=\"233\" height=\"232\" src=\"https:\/\/www.colegiocajamag.edu.co\/wp-content\/uploads\/2020\/10\/ico-circ-4_1-8.png\" class=\"attachment-large size-large wp-image-142\" alt=\"\" loading=\"lazy\" srcset=\"https:\/\/www.colegiocajamag.edu.co\/wp-content\/uploads\/2020\/10\/ico-circ-4_1-8.png 233w, https:\/\/www.colegiocajamag.edu.co\/wp-content\/uploads\/2020\/10\/ico-circ-4_1-8-150x150.png 150w\" sizes=\"(max-width: 233px) 100vw, 233px\" \/>\t\t\t\t\t\t\t\t\t\t\t\t\t\t<\/div>\n\t\t\t\t\t\t<\/div>\n\t\t\t\t<\/div>\n\t\t\t\t\t\t<\/div>\n\t\t\t\t\t<\/div>\n\t\t<\/div>\n\t\t\t\t<div class=\"elementor-column elementor-col-33 elementor-inner-column elementor-element elementor-element-2ffa5ca\" data-id=\"2ffa5ca\" data-element_type=\"column\">\n\t\t\t<div class=\"elementor-column-wrap elementor-element-populated\">\n\t\t\t\t\t\t\t<div class=\"elementor-widget-wrap\">\n\t\t\t\t\t\t<div class=\"elementor-element elementor-element-8ab7046 elementor-widget elementor-widget-image\" data-id=\"8ab7046\" data-element_type=\"widget\" data-widget_type=\"image.default\">\n\t\t\t\t<div class=\"elementor-widget-container\">\n\t\t\t\t\t\t\t\t<div class=\"elementor-image\">\n\t\t\t\t\t\t\t\t\t\t\t\t<img decoding=\"async\" width=\"233\" height=\"232\" src=\"https:\/\/www.colegiocajamag.edu.co\/wp-content\/uploads\/2020\/10\/ico-circ-4_1-8.png\" class=\"attachment-large size-large wp-image-142\" alt=\"\" loading=\"lazy\" srcset=\"https:\/\/www.colegiocajamag.edu.co\/wp-content\/uploads\/2020\/10\/ico-circ-4_1-8.png 233w, https:\/\/www.colegiocajamag.edu.co\/wp-content\/uploads\/2020\/10\/ico-circ-4_1-8-150x150.png 150w\" sizes=\"(max-width: 233px) 100vw, 233px\" \/>\t\t\t\t\t\t\t\t\t\t\t\t\t\t<\/div>\n\t\t\t\t\t\t<\/div>\n\t\t\t\t<\/div>\n\t\t\t\t\t\t<\/div>\n\t\t\t\t\t<\/div>\n\t\t<\/div>\n\t\t\t\t<div class=\"elementor-column elementor-col-33 elementor-inner-column elementor-element elementor-element-3429172\" data-id=\"3429172\" data-element_type=\"column\">\n\t\t\t<div class=\"elementor-column-wrap elementor-element-populated\">\n\t\t\t\t\t\t\t<div class=\"elementor-widget-wrap\">\n\t\t\t\t\t\t<div class=\"elementor-element elementor-element-fe0e3c8 elementor-widget elementor-widget-image\" data-id=\"fe0e3c8\" data-element_type=\"widget\" data-widget_type=\"image.default\">\n\t\t\t\t<div class=\"elementor-widget-container\">\n\t\t\t\t\t\t\t\t<div class=\"elementor-image\">\n\t\t\t\t\t\t\t\t\t\t\t\t<img decoding=\"async\" width=\"233\" height=\"232\" src=\"https:\/\/www.colegiocajamag.edu.co\/wp-content\/uploads\/2020\/10\/ico-circ-4_1-8.png\" class=\"attachment-large size-large wp-image-142\" alt=\"\" loading=\"lazy\" srcset=\"https:\/\/www.colegiocajamag.edu.co\/wp-content\/uploads\/2020\/10\/ico-circ-4_1-8.png 233w, https:\/\/www.colegiocajamag.edu.co\/wp-content\/uploads\/2020\/10\/ico-circ-4_1-8-150x150.png 150w\" sizes=\"(max-width: 233px) 100vw, 233px\" \/>\t\t\t\t\t\t\t\t\t\t\t\t\t\t<\/div>\n\t\t\t\t\t\t<\/div>\n\t\t\t\t<\/div>\n\t\t\t\t\t\t<\/div>\n\t\t\t\t\t<\/div>\n\t\t<\/div>\n\t\t\t\t\t\t\t\t<\/div>\n\t\t\t\t\t<\/div>\n\t\t<\/section>\n\t\t\t\t\t\t<\/div>\n\t\t\t\t\t<\/div>\n\t\t<\/div>\n\t\t\t\t<div class=\"elementor-column elementor-col-33 elementor-top-column elementor-element elementor-element-0714296\" data-id=\"0714296\" data-element_type=\"column\">\n\t\t\t<div class=\"elementor-column-wrap elementor-element-populated\">\n\t\t\t\t\t\t\t<div class=\"elementor-widget-wrap\">\n\t\t\t\t\t\t<div class=\"elementor-element elementor-element-a0662bd elementor-widget elementor-widget-heading\" data-id=\"a0662bd\" data-element_type=\"widget\" data-widget_type=\"heading.default\">\n\t\t\t\t<div class=\"elementor-widget-container\">\n\t\t\t<h2 class=\"elementor-heading-title elementor-size-default\">Actividades recientes<\/h2>\t\t<\/div>\n\t\t\t\t<\/div>\n\t\t\t\t<div class=\"elementor-element elementor-element-d02f74e elementor-grid-1 elementor-grid-tablet-2 elementor-grid-mobile-1 elementor-posts--thumbnail-top elementor-widget elementor-widget-posts\" data-id=\"d02f74e\" data-element_type=\"widget\" data-settings=\"{&quot;classic_columns&quot;:&quot;1&quot;,&quot;classic_row_gap&quot;:{&quot;unit&quot;:&quot;px&quot;,&quot;size&quot;:17,&quot;sizes&quot;:[]},&quot;classic_columns_tablet&quot;:&quot;2&quot;,&quot;classic_columns_mobile&quot;:&quot;1&quot;,&quot;classic_row_gap_tablet&quot;:{&quot;unit&quot;:&quot;px&quot;,&quot;size&quot;:&quot;&quot;,&quot;sizes&quot;:[]},&quot;classic_row_gap_mobile&quot;:{&quot;unit&quot;:&quot;px&quot;,&quot;size&quot;:&quot;&quot;,&quot;sizes&quot;:[]}}\" data-widget_type=\"posts.classic\">\n\t\t\t\t<div class=\"elementor-widget-container\">\n\t\t\t\t\t<div class=\"elementor-posts-container elementor-posts elementor-posts--skin-classic elementor-grid\">\n\t\t\t\t<article class=\"elementor-post elementor-grid-item post-1206 post type-post status-publish format-standard has-post-thumbnail hentry category-uncategorized\">\n\t\t\t\t<a class=\"elementor-post__thumbnail__link\" href=\"https:\/\/www.colegiocajamag.edu.co\/?p=1206\" >\n\t\t\t<div class=\"elementor-post__thumbnail\"><img decoding=\"async\" width=\"300\" height=\"225\" src=\"https:\/\/www.colegiocajamag.edu.co\/wp-content\/uploads\/2026\/03\/WhatsApp-Image-2026-03-02-at-4.51.49-PM-8-300x225.jpeg\" class=\"attachment-medium size-medium wp-image-1208\" alt=\"\" loading=\"lazy\" srcset=\"https:\/\/www.colegiocajamag.edu.co\/wp-content\/uploads\/2026\/03\/WhatsApp-Image-2026-03-02-at-4.51.49-PM-8-300x225.jpeg 300w, https:\/\/www.colegiocajamag.edu.co\/wp-content\/uploads\/2026\/03\/WhatsApp-Image-2026-03-02-at-4.51.49-PM-8-1024x768.jpeg 1024w, https:\/\/www.colegiocajamag.edu.co\/wp-content\/uploads\/2026\/03\/WhatsApp-Image-2026-03-02-at-4.51.49-PM-8-768x576.jpeg 768w, https:\/\/www.colegiocajamag.edu.co\/wp-content\/uploads\/2026\/03\/WhatsApp-Image-2026-03-02-at-4.51.49-PM-8-1536x1152.jpeg 1536w, https:\/\/www.colegiocajamag.edu.co\/wp-content\/uploads\/2026\/03\/WhatsApp-Image-2026-03-02-at-4.51.49-PM-8.jpeg 1600w\" sizes=\"(max-width: 300px) 100vw, 300px\" \/><\/div>\n\t\t<\/a>\n\t\t\t\t<div class=\"elementor-post__text\">\n\t\t\t\t<h3 class=\"elementor-post__title\">\n\t\t\t<a href=\"https:\/\/www.colegiocajamag.edu.co\/?p=1206\" >\n\t\t\t\tVisita del Colegio Cajamag a la Primera Exposici\u00f3n Art\u00edstica \u201cEiffel Toujours Plus Haut\u201d\t\t\t<\/a>\n\t\t<\/h3>\n\t\t\t\t<\/div>\n\t\t\t\t<\/article>\n\t\t\t\t<article class=\"elementor-post elementor-grid-item post-1173 post type-post status-publish format-standard has-post-thumbnail hentry category-uncategorized\">\n\t\t\t\t<a class=\"elementor-post__thumbnail__link\" href=\"https:\/\/www.colegiocajamag.edu.co\/?p=1173\" >\n\t\t\t<div class=\"elementor-post__thumbnail\"><img decoding=\"async\" width=\"300\" height=\"225\" src=\"https:\/\/www.colegiocajamag.edu.co\/wp-content\/uploads\/2025\/12\/WhatsApp-Image-2025-12-03-at-3.03.55-PM-3-300x225.jpeg\" class=\"attachment-medium size-medium wp-image-1174\" alt=\"\" loading=\"lazy\" srcset=\"https:\/\/www.colegiocajamag.edu.co\/wp-content\/uploads\/2025\/12\/WhatsApp-Image-2025-12-03-at-3.03.55-PM-3-300x225.jpeg 300w, https:\/\/www.colegiocajamag.edu.co\/wp-content\/uploads\/2025\/12\/WhatsApp-Image-2025-12-03-at-3.03.55-PM-3-1024x768.jpeg 1024w, https:\/\/www.colegiocajamag.edu.co\/wp-content\/uploads\/2025\/12\/WhatsApp-Image-2025-12-03-at-3.03.55-PM-3-768x576.jpeg 768w, https:\/\/www.colegiocajamag.edu.co\/wp-content\/uploads\/2025\/12\/WhatsApp-Image-2025-12-03-at-3.03.55-PM-3.jpeg 1280w\" sizes=\"(max-width: 300px) 100vw, 300px\" \/><\/div>\n\t\t<\/a>\n\t\t\t\t<div class=\"elementor-post__text\">\n\t\t\t\t<h3 class=\"elementor-post__title\">\n\t\t\t<a href=\"https:\/\/www.colegiocajamag.edu.co\/?p=1173\" >\n\t\t\t\tColegio Cajamag celebra con orgullo la graduaci\u00f3n de 38 estudiantes\t\t\t<\/a>\n\t\t<\/h3>\n\t\t\t\t<\/div>\n\t\t\t\t<\/article>\n\t\t\t\t<article class=\"elementor-post elementor-grid-item post-1148 post type-post status-publish format-standard has-post-thumbnail hentry category-uncategorized\">\n\t\t\t\t<a class=\"elementor-post__thumbnail__link\" href=\"https:\/\/www.colegiocajamag.edu.co\/?p=1148\" >\n\t\t\t<div class=\"elementor-post__thumbnail\"><img decoding=\"async\" width=\"300\" height=\"225\" src=\"https:\/\/www.colegiocajamag.edu.co\/wp-content\/uploads\/2025\/09\/WhatsApp-Image-2025-09-29-at-5.51.46-PM-1-300x225.jpeg\" class=\"attachment-medium size-medium wp-image-1149\" alt=\"\" loading=\"lazy\" srcset=\"https:\/\/www.colegiocajamag.edu.co\/wp-content\/uploads\/2025\/09\/WhatsApp-Image-2025-09-29-at-5.51.46-PM-1-300x225.jpeg 300w, https:\/\/www.colegiocajamag.edu.co\/wp-content\/uploads\/2025\/09\/WhatsApp-Image-2025-09-29-at-5.51.46-PM-1-1024x768.jpeg 1024w, https:\/\/www.colegiocajamag.edu.co\/wp-content\/uploads\/2025\/09\/WhatsApp-Image-2025-09-29-at-5.51.46-PM-1-768x576.jpeg 768w, https:\/\/www.colegiocajamag.edu.co\/wp-content\/uploads\/2025\/09\/WhatsApp-Image-2025-09-29-at-5.51.46-PM-1-1536x1152.jpeg 1536w, https:\/\/www.colegiocajamag.edu.co\/wp-content\/uploads\/2025\/09\/WhatsApp-Image-2025-09-29-at-5.51.46-PM-1.jpeg 1600w\" sizes=\"(max-width: 300px) 100vw, 300px\" \/><\/div>\n\t\t<\/a>\n\t\t\t\t<div class=\"elementor-post__text\">\n\t\t\t\t<h3 class=\"elementor-post__title\">\n\t\t\t<a href=\"https:\/\/www.colegiocajamag.edu.co\/?p=1148\" >\n\t\t\t\t35 ni\u00f1os del Colegio Cajamag celebraron su primera comuni\u00f3n en la iglesia de Santa Ana\t\t\t<\/a>\n\t\t<\/h3>\n\t\t\t\t<\/div>\n\t\t\t\t<\/article>\n\t\t\t\t<article class=\"elementor-post elementor-grid-item post-1133 post type-post status-publish format-standard has-post-thumbnail hentry category-uncategorized\">\n\t\t\t\t<a class=\"elementor-post__thumbnail__link\" href=\"https:\/\/www.colegiocajamag.edu.co\/?p=1133\" >\n\t\t\t<div class=\"elementor-post__thumbnail\"><img decoding=\"async\" width=\"300\" height=\"225\" src=\"https:\/\/www.colegiocajamag.edu.co\/wp-content\/uploads\/2025\/09\/WhatsApp-Image-2025-09-22-at-12.56.04-PM-1-300x225.jpeg\" class=\"attachment-medium size-medium wp-image-1139\" alt=\"\" loading=\"lazy\" srcset=\"https:\/\/www.colegiocajamag.edu.co\/wp-content\/uploads\/2025\/09\/WhatsApp-Image-2025-09-22-at-12.56.04-PM-1-300x225.jpeg 300w, https:\/\/www.colegiocajamag.edu.co\/wp-content\/uploads\/2025\/09\/WhatsApp-Image-2025-09-22-at-12.56.04-PM-1-1024x768.jpeg 1024w, https:\/\/www.colegiocajamag.edu.co\/wp-content\/uploads\/2025\/09\/WhatsApp-Image-2025-09-22-at-12.56.04-PM-1-768x576.jpeg 768w, https:\/\/www.colegiocajamag.edu.co\/wp-content\/uploads\/2025\/09\/WhatsApp-Image-2025-09-22-at-12.56.04-PM-1-1536x1152.jpeg 1536w, https:\/\/www.colegiocajamag.edu.co\/wp-content\/uploads\/2025\/09\/WhatsApp-Image-2025-09-22-at-12.56.04-PM-1.jpeg 1600w\" sizes=\"(max-width: 300px) 100vw, 300px\" \/><\/div>\n\t\t<\/a>\n\t\t\t\t<div class=\"elementor-post__text\">\n\t\t\t\t<h3 class=\"elementor-post__title\">\n\t\t\t<a href=\"https:\/\/www.colegiocajamag.edu.co\/?p=1133\" >\n\t\t\t\tEn el Teatro Cajamag, colegios cat\u00f3licos compartieron su legado y compromiso con Santa Marta\t\t\t<\/a>\n\t\t<\/h3>\n\t\t\t\t<\/div>\n\t\t\t\t<\/article>\n\t\t\t\t<article class=\"elementor-post elementor-grid-item post-1119 post type-post status-publish format-standard has-post-thumbnail hentry category-actividades\">\n\t\t\t\t<a class=\"elementor-post__thumbnail__link\" href=\"https:\/\/www.colegiocajamag.edu.co\/?p=1119\" >\n\t\t\t<div class=\"elementor-post__thumbnail\"><img decoding=\"async\" width=\"300\" height=\"225\" src=\"https:\/\/www.colegiocajamag.edu.co\/wp-content\/uploads\/2025\/08\/WhatsApp-Image-2025-08-06-at-12.40.13-PM-2-300x225.jpeg\" class=\"attachment-medium size-medium wp-image-1120\" alt=\"\" loading=\"lazy\" srcset=\"https:\/\/www.colegiocajamag.edu.co\/wp-content\/uploads\/2025\/08\/WhatsApp-Image-2025-08-06-at-12.40.13-PM-2-300x225.jpeg 300w, https:\/\/www.colegiocajamag.edu.co\/wp-content\/uploads\/2025\/08\/WhatsApp-Image-2025-08-06-at-12.40.13-PM-2-1024x768.jpeg 1024w, https:\/\/www.colegiocajamag.edu.co\/wp-content\/uploads\/2025\/08\/WhatsApp-Image-2025-08-06-at-12.40.13-PM-2-768x576.jpeg 768w, https:\/\/www.colegiocajamag.edu.co\/wp-content\/uploads\/2025\/08\/WhatsApp-Image-2025-08-06-at-12.40.13-PM-2.jpeg 1280w\" sizes=\"(max-width: 300px) 100vw, 300px\" \/><\/div>\n\t\t<\/a>\n\t\t\t\t<div class=\"elementor-post__text\">\n\t\t\t\t<h3 class=\"elementor-post__title\">\n\t\t\t<a href=\"https:\/\/www.colegiocajamag.edu.co\/?p=1119\" >\n\t\t\t\tEstudiantes del Colegio Cajamag rindieron tributo a los 500 a\u00f1os de la ciudad\t\t\t<\/a>\n\t\t<\/h3>\n\t\t\t\t<\/div>\n\t\t\t\t<\/article>\n\t\t\t\t<article class=\"elementor-post elementor-grid-item post-1066 post type-post status-publish format-standard has-post-thumbnail hentry category-actividades\">\n\t\t\t\t<a class=\"elementor-post__thumbnail__link\" href=\"https:\/\/www.colegiocajamag.edu.co\/?p=1066\" >\n\t\t\t<div class=\"elementor-post__thumbnail\"><img decoding=\"async\" width=\"300\" height=\"225\" src=\"https:\/\/www.colegiocajamag.edu.co\/wp-content\/uploads\/2025\/04\/WhatsApp-Image-2025-04-21-at-1.17.30-PM-300x225.jpeg\" class=\"attachment-medium size-medium wp-image-1069\" alt=\"\" loading=\"lazy\" srcset=\"https:\/\/www.colegiocajamag.edu.co\/wp-content\/uploads\/2025\/04\/WhatsApp-Image-2025-04-21-at-1.17.30-PM-300x225.jpeg 300w, https:\/\/www.colegiocajamag.edu.co\/wp-content\/uploads\/2025\/04\/WhatsApp-Image-2025-04-21-at-1.17.30-PM-1024x768.jpeg 1024w, https:\/\/www.colegiocajamag.edu.co\/wp-content\/uploads\/2025\/04\/WhatsApp-Image-2025-04-21-at-1.17.30-PM-768x576.jpeg 768w, https:\/\/www.colegiocajamag.edu.co\/wp-content\/uploads\/2025\/04\/WhatsApp-Image-2025-04-21-at-1.17.30-PM-1536x1152.jpeg 1536w, https:\/\/www.colegiocajamag.edu.co\/wp-content\/uploads\/2025\/04\/WhatsApp-Image-2025-04-21-at-1.17.30-PM-2048x1536.jpeg 2048w\" sizes=\"(max-width: 300px) 100vw, 300px\" \/><\/div>\n\t\t<\/a>\n\t\t\t\t<div class=\"elementor-post__text\">\n\t\t\t\t<h3 class=\"elementor-post__title\">\n\t\t\t<a href=\"https:\/\/www.colegiocajamag.edu.co\/?p=1066\" >\n\t\t\t\tEl Colegio Cajamag celebr\u00f3 con alegr\u00eda y color su tradicional Easter Day\t\t\t<\/a>\n\t\t<\/h3>\n\t\t\t\t<\/div>\n\t\t\t\t<\/article>\n\t\t\t\t<\/div>\n\t\t\n\t\t\t\t<\/div>\n\t\t\t\t<\/div>\n\t\t\t\t\t\t<\/div>\n\t\t\t\t\t<\/div>\n\t\t<\/div>\n\t\t\t\t\t\t\t\t<\/div>\n\t\t\t\t\t<\/div>\n\t\t<\/section>\n\t\t\t\t\t\t\t\t\t<\/div>\n\t\t\t<\/div>\n\t\t\t\t\t<\/div>\n\t\t","protected":false},"excerpt":{"rendered":"<p>Primaria Formamos para la vida El nivel de Educaci\u00f3n B\u00e1sica Primaria del Colegio Cajamag, se caracteriza por su metodolog\u00eda did\u00e1ctica, activa, vivencial, encaminada a desarrollar<\/p>\n","protected":false},"author":4,"featured_media":0,"parent":0,"menu_order":0,"comment_status":"closed","ping_status":"closed","template":"elementor_header_footer","meta":[],"_links":{"self":[{"href":"https:\/\/www.colegiocajamag.edu.co\/index.php?rest_route=\/wp\/v2\/pages\/276"}],"collection":[{"href":"https:\/\/www.colegiocajamag.edu.co\/index.php?rest_route=\/wp\/v2\/pages"}],"about":[{"href":"https:\/\/www.colegiocajamag.edu.co\/index.php?rest_route=\/wp\/v2\/types\/page"}],"author":[{"embeddable":true,"href":"https:\/\/www.colegiocajamag.edu.co\/index.php?rest_route=\/wp\/v2\/users\/4"}],"replies":[{"embeddable":true,"href":"https:\/\/www.colegiocajamag.edu.co\/index.php?rest_route=%2Fwp%2Fv2%2Fcomments&post=276"}],"version-history":[{"count":5,"href":"https:\/\/www.colegiocajamag.edu.co\/index.php?rest_route=\/wp\/v2\/pages\/276\/revisions"}],"predecessor-version":[{"id":467,"href":"https:\/\/www.colegiocajamag.edu.co\/index.php?rest_route=\/wp\/v2\/pages\/276\/revisions\/467"}],"wp:attachment":[{"href":"https:\/\/www.colegiocajamag.edu.co\/index.php?rest_route=%2Fwp%2Fv2%2Fmedia&parent=276"}],"curies":[{"name":"wp","href":"https:\/\/api.w.org\/{rel}","templated":true}]}}