{"id":447,"date":"2021-03-18T16:32:28","date_gmt":"2021-03-18T16:32:28","guid":{"rendered":"https:\/\/www.colegiocajamag.edu.co\/?page_id=447"},"modified":"2025-06-09T20:22:21","modified_gmt":"2025-06-09T20:22:21","slug":"organigrama-y-gobierno-escolar","status":"publish","type":"page","link":"https:\/\/www.colegiocajamag.edu.co\/?page_id=447","title":{"rendered":"Organigrama y Gobierno escolar"},"content":{"rendered":"\t\t<div data-elementor-type=\"wp-page\" data-elementor-id=\"447\" class=\"elementor elementor-447\">\n\t\t\t\t\t\t<div class=\"elementor-inner\">\n\t\t\t\t<div class=\"elementor-section-wrap\">\n\t\t\t\t\t\t\t\t\t<section class=\"elementor-section elementor-top-section elementor-element elementor-element-9f1ec08 elementor-section-full_width elementor-section-height-default elementor-section-height-default\" data-id=\"9f1ec08\" data-element_type=\"section\">\n\t\t\t\t\t\t<div class=\"elementor-container elementor-column-gap-default\">\n\t\t\t\t\t\t\t<div class=\"elementor-row\">\n\t\t\t\t\t<div class=\"elementor-column elementor-col-100 elementor-top-column elementor-element elementor-element-642c535\" data-id=\"642c535\" data-element_type=\"column\">\n\t\t\t<div class=\"elementor-column-wrap elementor-element-populated\">\n\t\t\t\t\t\t\t<div class=\"elementor-widget-wrap\">\n\t\t\t\t\t\t<div class=\"elementor-element elementor-element-cc01f66 elementor--h-position-center elementor--v-position-middle elementor-arrows-position-inside elementor-pagination-position-inside elementor-widget elementor-widget-slides\" data-id=\"cc01f66\" data-element_type=\"widget\" data-settings=\"{&quot;navigation&quot;:&quot;both&quot;,&quot;autoplay&quot;:&quot;yes&quot;,&quot;pause_on_hover&quot;:&quot;yes&quot;,&quot;pause_on_interaction&quot;:&quot;yes&quot;,&quot;autoplay_speed&quot;:5000,&quot;infinite&quot;:&quot;yes&quot;,&quot;transition&quot;:&quot;slide&quot;,&quot;transition_speed&quot;:500}\" data-widget_type=\"slides.default\">\n\t\t\t\t<div class=\"elementor-widget-container\">\n\t\t\t\t\t<div class=\"elementor-swiper\">\n\t\t\t<div class=\"elementor-slides-wrapper elementor-main-swiper swiper-container\" dir=\"ltr\" data-animation=\"fadeInUp\">\n\t\t\t\t<div class=\"swiper-wrapper elementor-slides\">\n\t\t\t\t\t\t\t\t\t\t<div class=\"elementor-repeater-item-9db9386 swiper-slide\"><div class=\"swiper-slide-bg\"><\/div><div class=\"swiper-slide-inner\" ><div class=\"swiper-slide-contents\"><\/div><\/div><\/div>\t\t\t\t<\/div>\n\t\t\t\t\t\t\t<\/div>\n\t\t<\/div>\n\t\t\t\t<\/div>\n\t\t\t\t<\/div>\n\t\t\t\t\t\t<\/div>\n\t\t\t\t\t<\/div>\n\t\t<\/div>\n\t\t\t\t\t\t\t\t<\/div>\n\t\t\t\t\t<\/div>\n\t\t<\/section>\n\t\t\t\t<section class=\"elementor-section elementor-top-section elementor-element elementor-element-f67aa16 elementor-section-boxed elementor-section-height-default elementor-section-height-default\" data-id=\"f67aa16\" data-element_type=\"section\">\n\t\t\t\t\t\t<div class=\"elementor-container elementor-column-gap-default\">\n\t\t\t\t\t\t\t<div class=\"elementor-row\">\n\t\t\t\t\t<div class=\"elementor-column elementor-col-100 elementor-top-column elementor-element elementor-element-4ac9594\" data-id=\"4ac9594\" data-element_type=\"column\" data-settings=\"{&quot;background_background&quot;:&quot;classic&quot;}\">\n\t\t\t<div class=\"elementor-column-wrap elementor-element-populated\">\n\t\t\t\t\t\t\t<div class=\"elementor-widget-wrap\">\n\t\t\t\t\t\t<div class=\"elementor-element elementor-element-3ba9bd0 elementor-widget elementor-widget-heading\" data-id=\"3ba9bd0\" data-element_type=\"widget\" data-widget_type=\"heading.default\">\n\t\t\t\t<div class=\"elementor-widget-container\">\n\t\t\t<h2 class=\"elementor-heading-title elementor-size-default\"><a href=\"https:\/\/www.colegiocajamag.edu.co\/wp-content\/uploads\/2021\/03\/organigrama-colegio.pdf\" target=\"_blank\">Organigrama del Colegio Cajamag<\/a><\/h2>\t\t<\/div>\n\t\t\t\t<\/div>\n\t\t\t\t\t\t<\/div>\n\t\t\t\t\t<\/div>\n\t\t<\/div>\n\t\t\t\t\t\t\t\t<\/div>\n\t\t\t\t\t<\/div>\n\t\t<\/section>\n\t\t\t\t<section class=\"elementor-section elementor-top-section elementor-element elementor-element-1611cb4 elementor-section-boxed elementor-section-height-default elementor-section-height-default\" data-id=\"1611cb4\" data-element_type=\"section\">\n\t\t\t\t\t\t<div class=\"elementor-container elementor-column-gap-default\">\n\t\t\t\t\t\t\t<div class=\"elementor-row\">\n\t\t\t\t\t<div class=\"elementor-column elementor-col-100 elementor-top-column elementor-element elementor-element-37baa35\" data-id=\"37baa35\" data-element_type=\"column\">\n\t\t\t<div class=\"elementor-column-wrap elementor-element-populated\">\n\t\t\t\t\t\t\t<div class=\"elementor-widget-wrap\">\n\t\t\t\t\t\t<div class=\"elementor-element elementor-element-2f9bd41 elementor-widget elementor-widget-heading\" data-id=\"2f9bd41\" data-element_type=\"widget\" data-widget_type=\"heading.default\">\n\t\t\t\t<div class=\"elementor-widget-container\">\n\t\t\t<h2 class=\"elementor-heading-title elementor-size-default\">Gobierno escolar<\/h2>\t\t<\/div>\n\t\t\t\t<\/div>\n\t\t\t\t<div class=\"elementor-element elementor-element-638286f elementor-widget elementor-widget-text-editor\" data-id=\"638286f\" data-element_type=\"widget\" data-widget_type=\"text-editor.default\">\n\t\t\t\t<div class=\"elementor-widget-container\">\n\t\t\t\t\t\t\t\t<div class=\"elementor-text-editor elementor-clearfix\">\n\t\t\t\t<p>El Gobierno Escolar es un ente de participaci\u00f3n de los miembros de la Comunidad Educativa que trabaja en forma articulada e interrelacionada dentro de los par\u00e1metros de la aplicaci\u00f3n de los principios, valores y objetivos institucionales y las disposiciones emanadas por el Ministerio de Educaci\u00f3n Nacional para la consecuci\u00f3n de los objetivos institucionales y los planes de mejoramiento continuo en el servicio educativo ofrecido.<\/p><p>Por la naturaleza, funciones y estructura de cada uno de los estamentos, su integraci\u00f3n est\u00e1 conformada por los representantes de la Comunidad Educativa que cumplan con los requisitos del perfil descrito en este Manual.<\/p><p><strong>ORGANISMOS QUE LO CONFORMAN<\/strong><\/p><p>La integraci\u00f3n de Gobierno Escolar se hace de acuerdo a los procedimientos participativos democr\u00e1ticos.<br \/>El Gobierno Escolar del Colegio Cajamag est\u00e1 integrado por los siguientes estamentos:<\/p><ol><li>Rector(a)<\/li><li>El Consejo Directivo<\/li><li>El Consejo Acad\u00e9mico.<\/li><\/ol>\t\t\t\t\t<\/div>\n\t\t\t\t\t\t<\/div>\n\t\t\t\t<\/div>\n\t\t\t\t\t\t<\/div>\n\t\t\t\t\t<\/div>\n\t\t<\/div>\n\t\t\t\t\t\t\t\t<\/div>\n\t\t\t\t\t<\/div>\n\t\t<\/section>\n\t\t\t\t<section class=\"elementor-section elementor-top-section elementor-element elementor-element-296895c elementor-section-boxed elementor-section-height-default elementor-section-height-default\" data-id=\"296895c\" data-element_type=\"section\">\n\t\t\t\t\t\t<div class=\"elementor-container elementor-column-gap-default\">\n\t\t\t\t\t\t\t<div class=\"elementor-row\">\n\t\t\t\t\t<div class=\"elementor-column elementor-col-100 elementor-top-column elementor-element elementor-element-d6c455b\" data-id=\"d6c455b\" data-element_type=\"column\">\n\t\t\t<div class=\"elementor-column-wrap elementor-element-populated\">\n\t\t\t\t\t\t\t<div class=\"elementor-widget-wrap\">\n\t\t\t\t\t\t<div class=\"elementor-element elementor-element-4725bfd elementor-widget elementor-widget-image\" data-id=\"4725bfd\" data-element_type=\"widget\" data-widget_type=\"image.default\">\n\t\t\t\t<div class=\"elementor-widget-container\">\n\t\t\t\t\t\t\t\t<div class=\"elementor-image\">\n\t\t\t\t\t\t\t\t\t\t\t\t<img decoding=\"async\" width=\"880\" height=\"659\" src=\"https:\/\/www.colegiocajamag.edu.co\/wp-content\/uploads\/2025\/06\/Organigrama-Colegio.jpg\" class=\"attachment-large size-large wp-image-1015\" alt=\"\" loading=\"lazy\" srcset=\"https:\/\/www.colegiocajamag.edu.co\/wp-content\/uploads\/2025\/06\/Organigrama-Colegio.jpg 880w, https:\/\/www.colegiocajamag.edu.co\/wp-content\/uploads\/2025\/06\/Organigrama-Colegio-300x225.jpg 300w, https:\/\/www.colegiocajamag.edu.co\/wp-content\/uploads\/2025\/06\/Organigrama-Colegio-768x575.jpg 768w\" sizes=\"(max-width: 880px) 100vw, 880px\" \/>\t\t\t\t\t\t\t\t\t\t\t\t\t\t<\/div>\n\t\t\t\t\t\t<\/div>\n\t\t\t\t<\/div>\n\t\t\t\t\t\t<\/div>\n\t\t\t\t\t<\/div>\n\t\t<\/div>\n\t\t\t\t\t\t\t\t<\/div>\n\t\t\t\t\t<\/div>\n\t\t<\/section>\n\t\t\t\t<section class=\"elementor-section elementor-top-section elementor-element elementor-element-5d9e25e elementor-section-boxed elementor-section-height-default elementor-section-height-default\" data-id=\"5d9e25e\" data-element_type=\"section\">\n\t\t\t\t\t\t<div class=\"elementor-container elementor-column-gap-default\">\n\t\t\t\t\t\t\t<div class=\"elementor-row\">\n\t\t\t\t\t<div class=\"elementor-column elementor-col-50 elementor-top-column elementor-element elementor-element-1937137\" data-id=\"1937137\" data-element_type=\"column\">\n\t\t\t<div class=\"elementor-column-wrap\">\n\t\t\t\t\t\t\t<div class=\"elementor-widget-wrap\">\n\t\t\t\t\t\t\t\t<\/div>\n\t\t\t\t\t<\/div>\n\t\t<\/div>\n\t\t\t\t<div class=\"elementor-column elementor-col-50 elementor-top-column elementor-element elementor-element-b7dedfe\" data-id=\"b7dedfe\" data-element_type=\"column\">\n\t\t\t<div class=\"elementor-column-wrap elementor-element-populated\">\n\t\t\t\t\t\t\t<div class=\"elementor-widget-wrap\">\n\t\t\t\t\t\t<div class=\"elementor-element elementor-element-fbb264a elementor-widget elementor-widget-text-editor\" data-id=\"fbb264a\" data-element_type=\"widget\" data-widget_type=\"text-editor.default\">\n\t\t\t\t<div class=\"elementor-widget-container\">\n\t\t\t\t\t\t\t\t<div class=\"elementor-text-editor elementor-clearfix\">\n\t\t\t\t<p><strong>RECTORA<br \/><\/strong>Es la representante del establecimiento ante las autoridades educativas y ejecutora de las decisiones del gobierno escolar.<\/p><p><strong>CONSEJO DIRECTIVO<br \/><\/strong>El Consejo Directivo es la instancia directiva, de participaci\u00f3n de la Comunidad Educativa de orientaci\u00f3n acad\u00e9mica y administrativa del establecimiento.<\/p><p>El Consejo Directivo estar\u00e1 integrada por:<\/p><ul><li>El Rector quien presidir\u00e1 y convocar\u00e1 ordinariamente trimestralmente y extraordinariamente cuando lo considere conveniente.<\/li><li>Dos representantes de los padres de familia.<\/li><li>Un representante del departamento de psicorientaci\u00f3n.<\/li><li>Dos representantes de los docentes elegidos por ellos mismos.<\/li><li>Un Representante de los estudiantes elegido por el consejo de estudiantes.<\/li><li>Un representante de los ex alumnos elegido por el Consejo Directivo.<\/li><li>Un representante de los sectores productivos organizados.<\/li><\/ul><p><strong style=\"font-size: 16px;\">CONSEJO ACAD\u00c9MICO<br \/><\/strong>Es el organismo encargado de planear, ejecutar, seguir y controlar las diversas actividades impl\u00edcitas en el proceso acad\u00e9mico en pro del mejoramiento de la calidad educativa.<\/p><ul><li>El consejo acad\u00e9mico en la instituci\u00f3n est\u00e1 integrado por:<\/li><li>El Rector quien lo convoca y preside.<\/li><li>El (La) Coordinadora acad\u00e9mico (a) o el de convivencia en ausencia del primero.<\/li><li>La psic\u00f3loga.<\/li><li>Un docente que representa a los niveles de preescolar y primaria.<\/li><li>Un docente representante de cada \u00e1rea.<\/li><\/ul><p><strong style=\"font-size: 16px;\">\u00d3RGANOS DE APOYO<br \/><\/strong>En el colegio el Gobierno Escolar cuenta con los siguientes \u00f3rganos de apoyo para el cumplimiento de los objetivos institucionales:<\/p><ul><li>El consejo estudiantil.<\/li><li>El personero de estudiantes.<\/li><li>El consejo de padres.<\/li><li>La asociaci\u00f3n de padres de familia.<\/li><\/ul><p><strong>CONSEJO ESTUDIANTIL<br \/><\/strong><strong>Funciones del consejo estudiantil.<br \/><\/strong>Es el m\u00e1ximo \u00f3rgano colegiado que asegura y garantiza el continuo ejercicio de participaci\u00f3n de los estudiantes. El Consejo de Estudiantes estar\u00e1 integrado por un estudiante de cada grado desde el grado 3\u00b0 hasta el \u00faltimo grado de educaci\u00f3n ofrecido por el colegio. Ser\u00e1 convocado por el Rector en representaci\u00f3n del Consejo Directivo dentro de las cuatro primeras semanas del calendario acad\u00e9mico. Educandos que se encuentren cursando el \u00faltimo grado de educaci\u00f3n ofrecido por el colegio.<\/p><ol><li>Elaborar y\/o reestructurar su propio reglamento.<\/li><li>Darse su propia organizaci\u00f3n interna<\/li><li>Elegir el representante de los estudiantes ante el Consejo Directivo del establecimiento educativo y asesorarlo en el cumplimiento de su representaci\u00f3n.<\/li><li>Invitar a sus deliberaciones a aquellos estudiantes que presenten iniciativas sobre el desarrollo de la vida estudiantil.<\/li><li>Elaborar por escrito las actas que dejen constancia de sus reuniones.<\/li><\/ol><p>Las dem\u00e1s actividades afines o complementarias con las anteriores que le atribuya el Manual de Convivencia<\/p><p><strong>\u00a0<\/strong><strong>FUNCIONES DEL REPRESENTANTE ESTUDIANTIL AL CONSEJO DIRECTIVO.<br \/><\/strong>Es el estudiante elegido por el Consejo Estudiantil entre los educandos que se encuentren cursando el ultimo grado de educaci\u00f3n ofrecido por el colegio, el cual en ning\u00fan momento debe ser compatible con el personero de los estudiantes.<\/p><ol><li>Estar presente en las reuniones del Consejo Directivo<\/li><li>Llevar ante el Consejo Directivo las propuestas, programas, acciones y actividades que se establezcan en la instituci\u00f3n por parte del Consejo Estudiantil y la Personer\u00eda estudiantil.<\/li><\/ol><p><strong>\u00a0<\/strong><strong style=\"font-size: 16px;\">PERSONERO ESTUDIANTIL<br \/><\/strong>Es el encargado de promover el ejercicio de los deberes y derechos de los estudiantes consagrados en la Constituci\u00f3n Pol\u00edtica, las leyes, los reglamentos y el Manual de Convivencia.<\/p><p>El personero estudiantil ser\u00e1 un estudiante que curse el \u00faltimo grado que ofrezca la instituci\u00f3n, elegido dentro de los treinta d\u00edas calendario, siguientes a la iniciaci\u00f3n de clases de un per\u00edodo lectivo anual. Para tal efecto, la rectora convocar\u00e1 a todos los estudiantes matriculados con el fin de elegirlo por el sistema de mayor\u00eda simple y mediante voto secreto.<\/p><ol><li>Promover el cumplimiento de los derechos y deberes de los estudiantes.<\/li><li>Pedir la colaboraci\u00f3n del Consejo de los estudiantes, para organizar foros u otras formas de deliberaci\u00f3n.<\/li><li>Recibir y evaluar las quejas y reclamos que presenten los educandos sobre lesiones a sus derechos y las que formule cualquier persona de la comunidad sobre el incumplimiento de las obligaciones de los estudiantes.<\/li><li>Presentar ante el Rector, las solicitudes que consideren necesarias para proteger los derechos de los estudiantes y facilitar el cumplimento de sus deberes.<\/li><li>Cuando lo considere necesario (dentro del t\u00e9rmino de cinco (5) d\u00edas), apelar ante el Consejo Directivo o el organismo que haga sus veces, las decisiones del Rector respecto a las peticiones presentadas por sus intermedios.<\/li><li>Participar en la realizaci\u00f3n de las actividades propuestas por el Consejo de los Estudiantes.<\/li><li>El ejercicio del cargo del personero de los estudiantes es incompatible con el de Representante de los estudiantes ante el Consejo Directivo.<\/li><\/ol><p><strong>\u00a0<\/strong><strong>COMIT\u00c9 ELECTORAL<br \/><\/strong>En el Colegio Cajamag para efectos de la organizaci\u00f3n del proceso electoral se conformar\u00e1 el Comit\u00e9 Electoral, garante de la transparencia del sufragio. Estar\u00e1 conformado por:<\/p><ul><li>Un representante de los estudiantes del \u00faltimo grado que ofrezca el colegio.<\/li><li>Un representante de los docentes.<\/li><li>Los docentes de ciencias sociales y educaci\u00f3n \u00e9tica y valores humanos.<\/li><li>El Rector o su delegado.<\/li><\/ul><p><strong>ASOCIACI\u00d3N DE PADRES DE FAMILIA <br \/><\/strong>Es la entidad jur\u00eddica de derecho privado, sin \u00e1nimo de lucro, constituida por la decisi\u00f3n libre y voluntaria de los padres de familia de los estudiantes matriculados en el Colegio.<br \/>El Consejo Directivo promover\u00e1 la constituci\u00f3n de una Asociaci\u00f3n de Padres de Familia, para lo cual, citar\u00e1 a una asamblea constitutiva y suministrar\u00e1 espacios y canales de comunicaci\u00f3n para que esta desarrolle sus reuniones.<\/p><p><strong>Funciones de la Asociaci\u00f3n los Padres de Familia<br \/><\/strong>La asociaci\u00f3n, adem\u00e1s de las funciones que su reglamento determine, podr\u00e1 desarrollar actividades como las siguientes:<\/p><ol><li>Velar por el cumplimiento del Proyecto Educativo Institucional y su continua evaluaci\u00f3n.<\/li><li>Promover programas de formaci\u00f3n para la Comunidad Educativa.<\/li><li>Promover el proceso de constituci\u00f3n del consejo de padres de familia, como grupo de apoyo.<\/li><li>La junta directiva de la asociaci\u00f3n de padres de familia elegir\u00e1 dos representantes ante el Consejo Directivo, uno, deber\u00e1 ser miembro de la Junta Directiva y el otro miembro del Consejo de Padres de Familia.<\/li><li>Apoyar programas de Bienestar en beneficio de la Comunidad Educativa.<\/li><li>Las dem\u00e1s finalidades y conceptos de la Asociaci\u00f3n de Padres de Familia, relacionados se hacen constar en los Art\u00edculos 10, 11, 12 y 13 del Decreto 1286 del 27 de abril de 2005.<\/li><\/ol><p><strong>\u00a0<\/strong><strong>CONSEJO DE PADRES<br \/><\/strong>El Colegio Cajamag dar\u00e1 estricto cumplimiento al Decreto 1286 del 27\u00a0de abril de 2005 que hace referencia a la estructura, formaci\u00f3n, funcionamiento, fines, identidad, funciones, derechos y obligaciones de los Padres de Familia en el seno de la Comunidad Educativa, como \u00f3rgano de la Asociaci\u00f3n de Padres de Familia, en un medio para asegurar la continua participaci\u00f3n de los padres y acudientes en el progreso pedag\u00f3gico y humano de la Instituci\u00f3n.<\/p><p>Podr\u00e1 estar integrado por los voceros de los padres de los estudiantes que cursan cada uno de los diferentes grados que ofrece la instituci\u00f3n, o por cualquier otro esquema definido en el seno de la asociaci\u00f3n, <em>(Decreto 1860 Art. 31)<\/em><\/p>\t\t\t\t\t<\/div>\n\t\t\t\t\t\t<\/div>\n\t\t\t\t<\/div>\n\t\t\t\t\t\t<\/div>\n\t\t\t\t\t<\/div>\n\t\t<\/div>\n\t\t\t\t\t\t\t\t<\/div>\n\t\t\t\t\t<\/div>\n\t\t<\/section>\n\t\t\t\t\t\t\t\t\t<\/div>\n\t\t\t<\/div>\n\t\t\t\t\t<\/div>\n\t\t","protected":false},"excerpt":{"rendered":"<p>Organigrama del Colegio Cajamag Gobierno escolar El Gobierno Escolar es un ente de participaci\u00f3n de los miembros de la Comunidad Educativa que trabaja en forma articulada e interrelacionada dentro de los par\u00e1metros de la aplicaci\u00f3n de los principios, valores y objetivos institucionales y las disposiciones emanadas por el Ministerio de Educaci\u00f3n Nacional para la consecuci\u00f3n &hellip;<\/p>\n<p class=\"read-more\"> <a class=\"\" href=\"https:\/\/www.colegiocajamag.edu.co\/?page_id=447\"> <span class=\"screen-reader-text\">Organigrama y Gobierno escolar<\/span> Leer m\u00e1s &raquo;<\/a><\/p>\n","protected":false},"author":4,"featured_media":0,"parent":0,"menu_order":0,"comment_status":"closed","ping_status":"closed","template":"","meta":[],"_links":{"self":[{"href":"https:\/\/www.colegiocajamag.edu.co\/index.php?rest_route=\/wp\/v2\/pages\/447"}],"collection":[{"href":"https:\/\/www.colegiocajamag.edu.co\/index.php?rest_route=\/wp\/v2\/pages"}],"about":[{"href":"https:\/\/www.colegiocajamag.edu.co\/index.php?rest_route=\/wp\/v2\/types\/page"}],"author":[{"embeddable":true,"href":"https:\/\/www.colegiocajamag.edu.co\/index.php?rest_route=\/wp\/v2\/users\/4"}],"replies":[{"embeddable":true,"href":"https:\/\/www.colegiocajamag.edu.co\/index.php?rest_route=%2Fwp%2Fv2%2Fcomments&post=447"}],"version-history":[{"count":9,"href":"https:\/\/www.colegiocajamag.edu.co\/index.php?rest_route=\/wp\/v2\/pages\/447\/revisions"}],"predecessor-version":[{"id":1018,"href":"https:\/\/www.colegiocajamag.edu.co\/index.php?rest_route=\/wp\/v2\/pages\/447\/revisions\/1018"}],"wp:attachment":[{"href":"https:\/\/www.colegiocajamag.edu.co\/index.php?rest_route=%2Fwp%2Fv2%2Fmedia&parent=447"}],"curies":[{"name":"wp","href":"https:\/\/api.w.org\/{rel}","templated":true}]}}