{"id":48,"date":"2020-10-17T15:46:15","date_gmt":"2020-10-17T15:46:15","guid":{"rendered":"https:\/\/www.colegiocajamag.edu.co\/?page_id=48"},"modified":"2026-03-02T20:37:55","modified_gmt":"2026-03-02T20:37:55","slug":"nosotros","status":"publish","type":"page","link":"https:\/\/www.colegiocajamag.edu.co\/?page_id=48","title":{"rendered":"Nosotros"},"content":{"rendered":"\t\t<div data-elementor-type=\"wp-page\" data-elementor-id=\"48\" class=\"elementor elementor-48\">\n\t\t\t\t\t\t<div class=\"elementor-inner\">\n\t\t\t\t<div class=\"elementor-section-wrap\">\n\t\t\t\t\t\t\t\t\t<section class=\"elementor-section elementor-top-section elementor-element elementor-element-0ccd022 elementor-section-height-min-height elementor-section-items-bottom elementor-section-boxed elementor-section-height-default\" data-id=\"0ccd022\" data-element_type=\"section\" data-settings=\"{&quot;background_background&quot;:&quot;classic&quot;}\">\n\t\t\t\t\t\t<div class=\"elementor-container elementor-column-gap-default\">\n\t\t\t\t\t\t\t<div class=\"elementor-row\">\n\t\t\t\t\t<div class=\"elementor-column elementor-col-100 elementor-top-column elementor-element elementor-element-e5e25e2\" data-id=\"e5e25e2\" data-element_type=\"column\">\n\t\t\t<div class=\"elementor-column-wrap elementor-element-populated\">\n\t\t\t\t\t\t\t<div class=\"elementor-widget-wrap\">\n\t\t\t\t\t\t<div class=\"elementor-element elementor-element-b22f769 elementor-widget elementor-widget-heading\" data-id=\"b22f769\" data-element_type=\"widget\" data-widget_type=\"heading.default\">\n\t\t\t\t<div class=\"elementor-widget-container\">\n\t\t\t<h2 class=\"elementor-heading-title elementor-size-default\">Nosotros<\/h2>\t\t<\/div>\n\t\t\t\t<\/div>\n\t\t\t\t\t\t<\/div>\n\t\t\t\t\t<\/div>\n\t\t<\/div>\n\t\t\t\t\t\t\t\t<\/div>\n\t\t\t\t\t<\/div>\n\t\t<\/section>\n\t\t\t\t<section class=\"elementor-section elementor-top-section elementor-element elementor-element-2577cac elementor-section-boxed elementor-section-height-default elementor-section-height-default\" data-id=\"2577cac\" data-element_type=\"section\" data-settings=\"{&quot;background_background&quot;:&quot;classic&quot;}\">\n\t\t\t\t\t\t<div class=\"elementor-container elementor-column-gap-default\">\n\t\t\t\t\t\t\t<div class=\"elementor-row\">\n\t\t\t\t\t<div class=\"elementor-column elementor-col-100 elementor-top-column elementor-element elementor-element-85c49ee\" data-id=\"85c49ee\" data-element_type=\"column\">\n\t\t\t<div class=\"elementor-column-wrap elementor-element-populated\">\n\t\t\t\t\t\t\t<div class=\"elementor-widget-wrap\">\n\t\t\t\t\t\t<div class=\"elementor-element elementor-element-d44312e elementor-widget elementor-widget-menu-anchor\" data-id=\"d44312e\" data-element_type=\"widget\" data-widget_type=\"menu-anchor.default\">\n\t\t\t\t<div class=\"elementor-widget-container\">\n\t\t\t\t\t<div id=\"mision\" class=\"elementor-menu-anchor\"><\/div>\n\t\t\t\t<\/div>\n\t\t\t\t<\/div>\n\t\t\t\t<div class=\"elementor-element elementor-element-be6012e elementor-widget elementor-widget-heading\" data-id=\"be6012e\" data-element_type=\"widget\" data-widget_type=\"heading.default\">\n\t\t\t\t<div class=\"elementor-widget-container\">\n\t\t\t<h2 class=\"elementor-heading-title elementor-size-default\">\u00bfQui\u00e9nes somos?<\/h2>\t\t<\/div>\n\t\t\t\t<\/div>\n\t\t\t\t<div class=\"elementor-element elementor-element-64de0aa elementor-widget elementor-widget-text-editor\" data-id=\"64de0aa\" data-element_type=\"widget\" data-widget_type=\"text-editor.default\">\n\t\t\t\t<div class=\"elementor-widget-container\">\n\t\t\t\t\t\t\t\t<div class=\"elementor-text-editor elementor-clearfix\">\n\t\t\t\t<p>Con 55 a\u00f1os de funcionamiento e historia en Santa Marta, el Colegio Cajamag cuenta con innumerables experiencias, talento, estrategias de aprendizaje innovadoras, que nos posicionan como una instituci\u00f3n de grandes logros obtenidos y metas por conseguir, es por todo este esfuerzo, que contamos con la posibilidad de ofrecer a la comunidad una instituci\u00f3n certificada en calidad por la empresa Bureau Veritas Certification.<\/p><p>Nuestra instituci\u00f3n cuenta con los cuatro niveles de educaci\u00f3n formal, preescolar, b\u00e1sica primaria, b\u00e1sica secundaria y educaci\u00f3n media, de car\u00e1cter mixto y ofreciendo su servicio educativo, con un porcentaje subsidiado a los hijos de los afiliados a la Caja de Compensaci\u00f3n familiar del Magdalena, siendo la primaria la encargada de formar los pilares de la poblaci\u00f3n educativa en nuestra instituci\u00f3n.<\/p>\t\t\t\t\t<\/div>\n\t\t\t\t\t\t<\/div>\n\t\t\t\t<\/div>\n\t\t\t\t<div class=\"elementor-element elementor-element-6ae3b67 elementor-tabs-view-horizontal elementor-widget elementor-widget-tabs\" data-id=\"6ae3b67\" data-element_type=\"widget\" data-widget_type=\"tabs.default\">\n\t\t\t\t<div class=\"elementor-widget-container\">\n\t\t\t\t\t<div class=\"elementor-tabs\">\n\t\t\t<div class=\"elementor-tabs-wrapper\" role=\"tablist\" >\n\t\t\t\t\t\t\t\t\t<div id=\"elementor-tab-title-1121\" class=\"elementor-tab-title elementor-tab-desktop-title\" aria-selected=\"true\" data-tab=\"1\" role=\"tab\" tabindex=\"0\" aria-controls=\"elementor-tab-content-1121\" aria-expanded=\"false\"><a href=\"\"><img decoding=\"async\" src=\"https:\/\/www.colegiocajamag.edu.co\/wp-content\/uploads\/2020\/10\/tab-2-8.png\" width=\"150\"  \/><\/a><\/div>\n\t\t\t\t\t\t\t\t\t<div id=\"elementor-tab-title-1122\" class=\"elementor-tab-title elementor-tab-desktop-title\" aria-selected=\"false\" data-tab=\"2\" role=\"tab\" tabindex=\"-1\" aria-controls=\"elementor-tab-content-1122\" aria-expanded=\"false\"><a href=\"\"><img decoding=\"async\" src=\"https:\/\/www.colegiocajamag.edu.co\/wp-content\/uploads\/2020\/10\/tab-1-8.png\" width=\"150\"  \/><\/a><\/div>\n\t\t\t\t\t\t\t\t\t<div id=\"elementor-tab-title-1123\" class=\"elementor-tab-title elementor-tab-desktop-title\" aria-selected=\"false\" data-tab=\"3\" role=\"tab\" tabindex=\"-1\" aria-controls=\"elementor-tab-content-1123\" aria-expanded=\"false\"><a href=\"\"><img decoding=\"async\" src=\"https:\/\/www.colegiocajamag.edu.co\/wp-content\/uploads\/2020\/10\/tab-3-8.png\" width=\"150\"  \/><\/a><\/div>\n\t\t\t\t\t\t\t<\/div>\n\t\t\t<div class=\"elementor-tabs-content-wrapper\" role=\"tablist\" aria-orientation=\"vertical\">\n\t\t\t\t\t\t\t\t\t<div class=\"elementor-tab-title elementor-tab-mobile-title\" aria-selected=\"true\" data-tab=\"1\" role=\"tab\" tabindex=\"0\" aria-controls=\"elementor-tab-content-1121\" aria-expanded=\"false\"><img decoding=\"async\" src=\"https:\/\/www.colegiocajamag.edu.co\/wp-content\/uploads\/2020\/10\/tab-2-8.png\" width=\"150\"  \/><\/div>\n\t\t\t\t\t<div id=\"elementor-tab-content-1121\" class=\"elementor-tab-content elementor-clearfix\" data-tab=\"1\" role=\"tabpanel\" aria-labelledby=\"elementor-tab-title-1121\" tabindex=\"0\" hidden=\"false\"><p><strong>MISI\u00d3N<\/strong><\/p><p>El Colegio CAJAMAG es una Instituci\u00f3n educativa de car\u00e1cter privado, certificada en est\u00e1ndares internacionales de calidad que tiene como misi\u00f3n ofrecer el servicio de educaci\u00f3n Formal en los niveles de preescolar, b\u00e1sica primaria, secundaria y media acad\u00e9mica a ni\u00f1os, ni\u00f1as, adolescentes y j\u00f3venes, promoviendo la formaci\u00f3n integral a trav\u00e9s de procesos pedag\u00f3gicos innovadores en la transformaci\u00f3n social sostenible, el pensamiento cr\u00edtico y computacional, la potencializaci\u00f3n de capacidades individuales y ciudadanas, la formaci\u00f3n en valores, el desarrollo de la cultura del emprendimiento y el fortalecimiento de las habilidades art\u00edsticas y culturales, que le permitan ser generadores de cambio mejorando su calidad de vida y de la sociedad.<\/p><p><strong>VISI\u00d3N<\/strong><\/p><p><img decoding=\"async\" loading=\"lazy\" class=\"alignleft wp-image-189\" src=\"https:\/\/www.colegiocajamag.edu.co\/wp-content\/uploads\/2020\/10\/img-tab-2-8-300x300.png\" alt=\"\" width=\"156\" height=\"156\" srcset=\"https:\/\/www.colegiocajamag.edu.co\/wp-content\/uploads\/2020\/10\/img-tab-2-8-300x300.png 300w, https:\/\/www.colegiocajamag.edu.co\/wp-content\/uploads\/2020\/10\/img-tab-2-8-150x150.png 150w, https:\/\/www.colegiocajamag.edu.co\/wp-content\/uploads\/2020\/10\/img-tab-2-8.png 327w\" sizes=\"(max-width: 156px) 100vw, 156px\" \/>Para el 2026 el Colegio CAJAMAG estar\u00e1 posicionado como una de las mejores instituciones educativas del distrito de Santa Marta y de la regi\u00f3n certificada bajo est\u00e1ndares internacionales, reconocida por su excelencia acad\u00e9mica comprometida en la formaci\u00f3n de ciudadanos \u00edntegros, orientados al desarrollo de l\u00edderes emprendedores, con alto grado de responsabilidad y sensibilidad capaces de generar un impacto positivo en la sociedad.<\/p><\/div>\n\t\t\t\t\t\t\t\t\t<div class=\"elementor-tab-title elementor-tab-mobile-title\" aria-selected=\"false\" data-tab=\"2\" role=\"tab\" tabindex=\"-1\" aria-controls=\"elementor-tab-content-1122\" aria-expanded=\"false\"><img decoding=\"async\" src=\"https:\/\/www.colegiocajamag.edu.co\/wp-content\/uploads\/2020\/10\/tab-1-8.png\" width=\"150\"  \/><\/div>\n\t\t\t\t\t<div id=\"elementor-tab-content-1122\" class=\"elementor-tab-content elementor-clearfix\" data-tab=\"2\" role=\"tabpanel\" aria-labelledby=\"elementor-tab-title-1122\" tabindex=\"0\" hidden=\"hidden\"><p>El Colegio Cajamag fue fundado por la se\u00f1ora Yolanda Ayala en el mes de febrero de\u00a0<strong>1965<\/strong>\u00a0en el local situado en la carrera 21 \u00ba 15- 07 con personal de 28 estudiantes de grado jard\u00edn<\/p><p><strong>En 1966<\/strong>\u00a0funcionaron 2 grupos de preescolar y primero (1\u00b0) con un personal total de 85 estudiantes, sucesivamente cada a\u00f1o se abr\u00eda el servicio para el grado siguiente, hasta que el a\u00f1o 1970 ya se contaba con los dos grados de preescolar y la b\u00e1sica primaria completa, debidamente aprobada por la Secretar\u00eda de Educaci\u00f3n; se sit\u00fao en la Avenida Libertador N\u00b0 29-13 contando con un espacio m\u00e1s amplio con el que se pudiera responder al aumento de la demanda.<\/p><p><strong>En 1977<\/strong>, el Colegio despu\u00e9s de grandes dificultades econ\u00f3micas logr\u00f3 terminar parte del edificio de su propiedad y en mayo del mismo a\u00f1o se ocup\u00f3 esta sede.<\/p><p><strong>En los a\u00f1os de 1980<\/strong>, ya en nuestra propia sede del barrio Jard\u00edn la cobertura escolar lleg\u00f3 casi a 300 alumnos de preescolar y b\u00e1sica primaria. Fueron a\u00f1os muy fruct\u00edferos en el crecimiento, dotaci\u00f3n y resultados acad\u00e9micos positivos. En el a\u00f1o de 1985 recibimos la vista de la supervisora Cecilia Perales Torres delegada del Ministerio de educaci\u00f3n nacional, quien dej\u00f3 un reconocimiento a la secretaria y seccionales del Colegio Cajamag, por la forma c\u00f3mo encontr\u00f3 organizada dicha instituci\u00f3n en todos los aspectos. As\u00ed transcurri\u00f3 esta d\u00e9cada de los 80 con un grupo de docentes y con una comunidad educativa presente y comprometida con su labor.<\/p><p><strong>Llegan los a\u00f1os 90<\/strong>\u00a0y con ellos la decisi\u00f3n del gobierno nacional de mejorar la calidad de la educaci\u00f3n y expidi\u00f3 la ley 115 de febrero de 1994, todos los colegios del pa\u00eds nos vimos abocados a un cambio total en nuestra labor educativa. Se instal\u00f3 el gobierno escolar, el consejo directivo, acad\u00e9mico, estudiante y personero de la instituci\u00f3n. Hubo adem\u00e1s, cambios en curr\u00edculo y plan de estudio. Inici\u00f3 la capacitaci\u00f3n permanente en todas las instituciones para elaborar el proyecto de educaci\u00f3n institucional (PEI), el manual de convivencia. Empez\u00f3 a funcionar las comisiones evaluativas, la vida escolar se volvi\u00f3 m\u00e1s activa, participativa creando en las instituciones una verdadera democracia.<\/p><p><strong>En los a\u00f1os 2000<\/strong>\u00a0el Colegio contin\u00fao avanzando en su misi\u00f3n y visi\u00f3n capacit\u00e1ndose a nivel local y nacional. En el 2005, celebramos los 40 a\u00f1os de existencia de nuestro colegio. Despu\u00e9s de una celebraci\u00f3n eucar\u00edstica, las distintas autoridades gubernamentales realizaron reconocimientos a nuestra instituci\u00f3n, como tambi\u00e9n la Asociaci\u00f3n de Colegios Privados del Magdalena ANDERCOMAG y la Asociaci\u00f3n de padres de familia, exalumnos y docentes.<\/p><p><strong>En los a\u00f1os 2007<\/strong>\u00a0continuamos con nuestra labor desarrollando ampliamente diversos proyectos encaminados a la formaci\u00f3n integral de los estudiantes.<\/p><p><strong>En el a\u00f1o 2021<\/strong> el Colegio realiz\u00f3 un\u00a0 proceso de renovaci\u00f3n de su imagen y proyecci\u00f3n hacia la comunidad, para lo cual se obtuvo desde la Secretar\u00eda de Educaci\u00f3n la denominaci\u00f3n como \u201c Colegio Cajamag&#8221; donde las directivas de la instituci\u00f3n educativa de la Caja de Compensaci\u00f3n Familiar del Magdalena presentaron a la comunidad educativa a trav\u00e9s de una ceremonia virtual el cambio del nombre e imagen institucional. El colegio Santiago de Cali, se llamar\u00e1 a partir de este a\u00f1o Colegio Cajamag y su logo ser\u00e1 el nuevo logo que recientemente fue lanzado por la Caja. En el evento se present\u00f3 la planta docente, se hizo un recorrido por las aulas para hablar sobre el regreso a clases en medio de la pandemia y se anunciaron nuevos proyectos que aportar\u00e1n a la evoluci\u00f3n de la educaci\u00f3n.<\/p><\/div>\n\t\t\t\t\t\t\t\t\t<div class=\"elementor-tab-title elementor-tab-mobile-title\" aria-selected=\"false\" data-tab=\"3\" role=\"tab\" tabindex=\"-1\" aria-controls=\"elementor-tab-content-1123\" aria-expanded=\"false\"><img decoding=\"async\" src=\"https:\/\/www.colegiocajamag.edu.co\/wp-content\/uploads\/2020\/10\/tab-3-8.png\" width=\"150\"  \/><\/div>\n\t\t\t\t\t<div id=\"elementor-tab-content-1123\" class=\"elementor-tab-content elementor-clearfix\" data-tab=\"3\" role=\"tabpanel\" aria-labelledby=\"elementor-tab-title-1123\" tabindex=\"0\" hidden=\"hidden\"><p><img decoding=\"async\" loading=\"lazy\" class=\"size-medium wp-image-519 aligncenter\" src=\"https:\/\/www.colegiocajamag.edu.co\/wp-content\/uploads\/2021\/04\/LOGO-COLEGIO-CAJAMAG-2-300x108.png\" alt=\"\" width=\"300\" height=\"108\" srcset=\"https:\/\/www.colegiocajamag.edu.co\/wp-content\/uploads\/2021\/04\/LOGO-COLEGIO-CAJAMAG-2-300x108.png 300w, https:\/\/www.colegiocajamag.edu.co\/wp-content\/uploads\/2021\/04\/LOGO-COLEGIO-CAJAMAG-2-1024x368.png 1024w, https:\/\/www.colegiocajamag.edu.co\/wp-content\/uploads\/2021\/04\/LOGO-COLEGIO-CAJAMAG-2-768x276.png 768w, https:\/\/www.colegiocajamag.edu.co\/wp-content\/uploads\/2021\/04\/LOGO-COLEGIO-CAJAMAG-2-1536x552.png 1536w, https:\/\/www.colegiocajamag.edu.co\/wp-content\/uploads\/2021\/04\/LOGO-COLEGIO-CAJAMAG-2-2048x736.png 2048w\" sizes=\"(max-width: 300px) 100vw, 300px\" \/><\/p><\/div>\n\t\t\t\t\t\t\t<\/div>\n\t\t<\/div>\n\t\t\t\t<\/div>\n\t\t\t\t<\/div>\n\t\t\t\t\t\t<\/div>\n\t\t\t\t\t<\/div>\n\t\t<\/div>\n\t\t\t\t\t\t\t\t<\/div>\n\t\t\t\t\t<\/div>\n\t\t<\/section>\n\t\t\t\t<section class=\"elementor-section elementor-top-section elementor-element elementor-element-9f8e075 elementor-section-boxed elementor-section-height-default elementor-section-height-default\" data-id=\"9f8e075\" data-element_type=\"section\" data-settings=\"{&quot;background_background&quot;:&quot;classic&quot;}\">\n\t\t\t\t\t\t<div class=\"elementor-container elementor-column-gap-default\">\n\t\t\t\t\t\t\t<div class=\"elementor-row\">\n\t\t\t\t\t<div class=\"elementor-column elementor-col-100 elementor-top-column elementor-element elementor-element-0b7d826\" data-id=\"0b7d826\" data-element_type=\"column\">\n\t\t\t<div class=\"elementor-column-wrap elementor-element-populated\">\n\t\t\t\t\t\t\t<div class=\"elementor-widget-wrap\">\n\t\t\t\t\t\t<div class=\"elementor-element elementor-element-f452d0c elementor-widget elementor-widget-menu-anchor\" data-id=\"f452d0c\" data-element_type=\"widget\" data-widget_type=\"menu-anchor.default\">\n\t\t\t\t<div class=\"elementor-widget-container\">\n\t\t\t\t\t<div id=\"politicas\" class=\"elementor-menu-anchor\"><\/div>\n\t\t\t\t<\/div>\n\t\t\t\t<\/div>\n\t\t\t\t<div class=\"elementor-element elementor-element-19fbb5c elementor-widget elementor-widget-heading\" data-id=\"19fbb5c\" data-element_type=\"widget\" data-widget_type=\"heading.default\">\n\t\t\t\t<div class=\"elementor-widget-container\">\n\t\t\t<h2 class=\"elementor-heading-title elementor-size-default\">GESTI\u00d3N DE CALIDAD<\/h2>\t\t<\/div>\n\t\t\t\t<\/div>\n\t\t\t\t<div class=\"elementor-element elementor-element-391b55a elementor-tabs-view-horizontal elementor-widget elementor-widget-tabs\" data-id=\"391b55a\" data-element_type=\"widget\" data-widget_type=\"tabs.default\">\n\t\t\t\t<div class=\"elementor-widget-container\">\n\t\t\t\t\t<div class=\"elementor-tabs\">\n\t\t\t<div class=\"elementor-tabs-wrapper\" role=\"tablist\" >\n\t\t\t\t\t\t\t\t\t<div id=\"elementor-tab-title-5981\" class=\"elementor-tab-title elementor-tab-desktop-title\" aria-selected=\"true\" data-tab=\"1\" role=\"tab\" tabindex=\"0\" aria-controls=\"elementor-tab-content-5981\" aria-expanded=\"false\"><a href=\"\"><img decoding=\"async\" src=\"https:\/\/www.colegiocajamag.edu.co\/wp-content\/uploads\/2020\/10\/tab-4-8.png\" width=\"150\"  \/><\/a><\/div>\n\t\t\t\t\t\t\t\t\t<div id=\"elementor-tab-title-5982\" class=\"elementor-tab-title elementor-tab-desktop-title\" aria-selected=\"false\" data-tab=\"2\" role=\"tab\" tabindex=\"-1\" aria-controls=\"elementor-tab-content-5982\" aria-expanded=\"false\"><a href=\"\"><img decoding=\"async\" src=\"https:\/\/www.colegiocajamag.edu.co\/wp-content\/uploads\/2020\/10\/tab-5-8.png\" width=\"150\"  \/><\/a><\/div>\n\t\t\t\t\t\t\t\t\t<div id=\"elementor-tab-title-5983\" class=\"elementor-tab-title elementor-tab-desktop-title\" aria-selected=\"false\" data-tab=\"3\" role=\"tab\" tabindex=\"-1\" aria-controls=\"elementor-tab-content-5983\" aria-expanded=\"false\"><a href=\"\"><img decoding=\"async\" src=\"https:\/\/www.colegiocajamag.edu.co\/wp-content\/uploads\/2020\/10\/tab-6-8.png\" width=\"150\"  \/><\/a><\/div>\n\t\t\t\t\t\t\t<\/div>\n\t\t\t<div class=\"elementor-tabs-content-wrapper\" role=\"tablist\" aria-orientation=\"vertical\">\n\t\t\t\t\t\t\t\t\t<div class=\"elementor-tab-title elementor-tab-mobile-title\" aria-selected=\"true\" data-tab=\"1\" role=\"tab\" tabindex=\"0\" aria-controls=\"elementor-tab-content-5981\" aria-expanded=\"false\"><img decoding=\"async\" src=\"https:\/\/www.colegiocajamag.edu.co\/wp-content\/uploads\/2020\/10\/tab-4-8.png\" width=\"150\"  \/><\/div>\n\t\t\t\t\t<div id=\"elementor-tab-content-5981\" class=\"elementor-tab-content elementor-clearfix\" data-tab=\"1\" role=\"tabpanel\" aria-labelledby=\"elementor-tab-title-5981\" tabindex=\"0\" hidden=\"false\"><p>Para CAJAMAG los siguientes son los principios fundamentales sobre los cuales basa su pol\u00edtica:<\/p><ul><li>ENFOQUE AL CLIENTE (AFILIADOS Y USUARIOS DE LOS SERVICIOS): Ofrecer servicios que satisfagan las necesidades y expectativas tanto de usuarios y afiliados como de poblaci\u00f3n vulnerable y las partes interesadas, dentro del marco de la responsabilidad social y el cumplimiento de los requisitos aplicables.<\/li><li>GESTI\u00d3N POR PROCESOS: Gestionar los procesos para alcanzar el mejoramiento continuo del sistema de gesti\u00f3n y garantizar as\u00ed los resultados planteados por la Caja.<\/li><li>MEJORAMIENTO DE LA INFRAESTRUCTURA FISICA Y TECNOL\u00d3GICA: Adecuaci\u00f3n de la infraestructura f\u00edsica y tecnol\u00f3gica para que soporte los procesos y la estrategia definida por la Caja.<\/li><li>DESARROLLO HUMANO: Desarrollo de las competencias, sensibilidad social, la toma de conciencia y el compromiso de todo el personal para generar un ambiente favorable que se traduzca en una excelente atenci\u00f3n a los afiliados y usuarios.<\/li><li>EDUCACI\u00d3N: Formar integralmente personas a trav\u00e9s de programas educativos de calidad acordes con las necesidades de la Regi\u00f3n, garantizando la pertinencia con el sector productivo o poblaci\u00f3n objetivo.<\/li><li>FINANCIERO: Garantizar la sostenibilidad financiera de la Caja, generando la estabilidad en los proyectos y programas de la Corporaci\u00f3n.<\/li><\/ul><\/div>\n\t\t\t\t\t\t\t\t\t<div class=\"elementor-tab-title elementor-tab-mobile-title\" aria-selected=\"false\" data-tab=\"2\" role=\"tab\" tabindex=\"-1\" aria-controls=\"elementor-tab-content-5982\" aria-expanded=\"false\"><img decoding=\"async\" src=\"https:\/\/www.colegiocajamag.edu.co\/wp-content\/uploads\/2020\/10\/tab-5-8.png\" width=\"150\"  \/><\/div>\n\t\t\t\t\t<div id=\"elementor-tab-content-5982\" class=\"elementor-tab-content elementor-clearfix\" data-tab=\"2\" role=\"tabpanel\" aria-labelledby=\"elementor-tab-title-5982\" tabindex=\"0\" hidden=\"hidden\"><p>Los objetivos de calidad (OC) de la Corporaci\u00f3n y objetivos de calidad del subproceso (OCS) son:<\/p><ol><li>O.C. Incrementar Cobertura desarrollando Programas, Proyectos y Servicios Sociales orientados a los afiliados, poblaci\u00f3n vulnerable y comunidad.<\/li><li>O.C.S. Monitorear el \u00edndice de deserci\u00f3n y reprobaci\u00f3n de estudiantes a trav\u00e9s de estrategias din\u00e1micas, innovadoras y pertinentes que respondan a los intereses de los educandos y a los lineamientos institucionales<\/li><li>O.C.S. Formar ciudadanos \u00edntegros, emprendedores, competentes, con alto grado de responsabilidad y sensibilidad social, a trav\u00e9s de acciones fundamentadas en el monitoreo de la informaci\u00f3n interna y externa y el seguimiento a los egresados.<\/li><li>O.C. Mejorar la Satisfacci\u00f3n de los Afiliados y Usuarios de los Servicios.<\/li><li>O.C. Cumplir la promesa del servicio.<\/li><li>O.C. Contar con personal competente en la Corporaci\u00f3n desarrollando sus habilidades<\/li><li>O.C. Desarrollar las competencias y habilidades del Personal.<\/li><li>O.C. Contar con una infraestructura f\u00edsica y tecnol\u00f3gica adecuada, integrada y segura, que garantice un funcionamiento confiable y oportuno de la Corporaci\u00f3n.<\/li><li>O.C. Asegurar el \u00f3ptimo desempe\u00f1o de los procesos.<\/li><li>OC: Garantizar la sostenibilidad financiera.<\/li><\/ol><\/div>\n\t\t\t\t\t\t\t\t\t<div class=\"elementor-tab-title elementor-tab-mobile-title\" aria-selected=\"false\" data-tab=\"3\" role=\"tab\" tabindex=\"-1\" aria-controls=\"elementor-tab-content-5983\" aria-expanded=\"false\"><img decoding=\"async\" src=\"https:\/\/www.colegiocajamag.edu.co\/wp-content\/uploads\/2020\/10\/tab-6-8.png\" width=\"150\"  \/><\/div>\n\t\t\t\t\t<div id=\"elementor-tab-content-5983\" class=\"elementor-tab-content elementor-clearfix\" data-tab=\"3\" role=\"tabpanel\" aria-labelledby=\"elementor-tab-title-5983\" tabindex=\"0\" hidden=\"hidden\"><p><a class=\"button\" href=\"https:\/\/www.colegiocajamag.edu.co\/wp-content\/uploads\/2025\/05\/MANUAL_DE_CONVIVENCIA_COLEGIO_CAJAMAG_v20.pdf\">Manual de Conviviencia<\/a><\/p><p><a class=\"button\" href=\"https:\/\/www.colegiocajamag.edu.co\/wp-content\/uploads\/2026\/03\/Resolucion-1247-del-27-nov-del-2025-con-resolucion-0041.pdf\">Resoluci\u00f3n de costos 2026<\/a><\/p><p><a class=\"button\" href=\"https:\/\/www.colegiocajamag.edu.co\/wp-content\/uploads\/2021\/03\/CAJAMAG.pdf\">Resoluci\u00f3n 0059 &#8211; Nombre: COLEGIO CAJAMAG<\/a><\/p><h4><strong>CIRCULARES<\/strong><\/h4><p><a class=\"button\" href=\"https:\/\/www.colegiocajamag.edu.co\/wp-content\/uploads\/2026\/03\/Circular-No.-005-PRIMERA-ASAMBLEA.pdf\">Circular 003 &#8211; Primera Asamblea de Padres de Familia 2026<\/a><\/p><p><a class=\"button\" href=\"https:\/\/www.colegiocajamag.edu.co\/wp-content\/uploads\/2026\/03\/CIRCULAR-No-081-MATRICULAS-2026.pdf\">Circular 069 &#8211; Matr\u00edculas a\u00f1o 2026<\/a><\/p><\/div>\n\t\t\t\t\t\t\t<\/div>\n\t\t<\/div>\n\t\t\t\t<\/div>\n\t\t\t\t<\/div>\n\t\t\t\t\t\t<\/div>\n\t\t\t\t\t<\/div>\n\t\t<\/div>\n\t\t\t\t\t\t\t\t<\/div>\n\t\t\t\t\t<\/div>\n\t\t<\/section>\n\t\t\t\t\t\t\t\t\t<\/div>\n\t\t\t<\/div>\n\t\t\t\t\t<\/div>\n\t\t","protected":false},"excerpt":{"rendered":"<p>Nosotros \u00bfQui\u00e9nes somos? Con 55 a\u00f1os de funcionamiento e historia en Santa Marta, el Colegio Cajamag cuenta con innumerables experiencias, talento, estrategias de aprendizaje innovadoras, que nos posicionan como una instituci\u00f3n de grandes logros obtenidos y metas por conseguir, es por todo este esfuerzo, que contamos con la posibilidad de ofrecer a la comunidad una &hellip;<\/p>\n<p class=\"read-more\"> <a class=\"\" href=\"https:\/\/www.colegiocajamag.edu.co\/?page_id=48\"> <span class=\"screen-reader-text\">Nosotros<\/span> Leer m\u00e1s &raquo;<\/a><\/p>\n","protected":false},"author":4,"featured_media":0,"parent":0,"menu_order":0,"comment_status":"closed","ping_status":"closed","template":"elementor_header_footer","meta":[],"_links":{"self":[{"href":"https:\/\/www.colegiocajamag.edu.co\/index.php?rest_route=\/wp\/v2\/pages\/48"}],"collection":[{"href":"https:\/\/www.colegiocajamag.edu.co\/index.php?rest_route=\/wp\/v2\/pages"}],"about":[{"href":"https:\/\/www.colegiocajamag.edu.co\/index.php?rest_route=\/wp\/v2\/types\/page"}],"author":[{"embeddable":true,"href":"https:\/\/www.colegiocajamag.edu.co\/index.php?rest_route=\/wp\/v2\/users\/4"}],"replies":[{"embeddable":true,"href":"https:\/\/www.colegiocajamag.edu.co\/index.php?rest_route=%2Fwp%2Fv2%2Fcomments&post=48"}],"version-history":[{"count":73,"href":"https:\/\/www.colegiocajamag.edu.co\/index.php?rest_route=\/wp\/v2\/pages\/48\/revisions"}],"predecessor-version":[{"id":1203,"href":"https:\/\/www.colegiocajamag.edu.co\/index.php?rest_route=\/wp\/v2\/pages\/48\/revisions\/1203"}],"wp:attachment":[{"href":"https:\/\/www.colegiocajamag.edu.co\/index.php?rest_route=%2Fwp%2Fv2%2Fmedia&parent=48"}],"curies":[{"name":"wp","href":"https:\/\/api.w.org\/{rel}","templated":true}]}}